{"id":1120,"date":"2023-08-30T01:59:12","date_gmt":"2023-08-30T01:59:12","guid":{"rendered":"https:\/\/www.railgrindingwheel.com\/?page_id=1120"},"modified":"2023-08-30T02:41:34","modified_gmt":"2023-08-30T02:41:34","slug":"urun-katalogu","status":"publish","type":"page","link":"https:\/\/www.railgrindingwheel.com\/tr\/urun-katalogu\/","title":{"rendered":"\u00dcr\u00fcn Katalo\u011fu"},"content":{"rendered":"<div data-elementor-type=\"wp-page\" data-elementor-id=\"1120\" class=\"elementor elementor-1120\" data-elementor-post-type=\"page\">\n\t\t\t\t\t\t<section class=\"elementor-section elementor-top-section elementor-element elementor-element-313c86d elementor-section-boxed elementor-section-height-default elementor-section-height-default\" data-id=\"313c86d\" data-element_type=\"section\">\n\t\t\t\t\t\t<div class=\"elementor-container elementor-column-gap-default\">\n\t\t\t\t\t<div class=\"elementor-column elementor-col-100 elementor-top-column elementor-element elementor-element-3dbdff8\" data-id=\"3dbdff8\" data-element_type=\"column\">\n\t\t\t<div class=\"elementor-widget-wrap elementor-element-populated\">\n\t\t\t\t\t\t<div class=\"elementor-element elementor-element-8c576ab elementor-widget__width-inherit elementor-widget elementor-widget-image\" data-id=\"8c576ab\" data-element_type=\"widget\" data-widget_type=\"image.default\">\n\t\t\t\t<div class=\"elementor-widget-container\">\n\t\t\t\t\t\t\t\t\t\t\t\t\t\t\t<img decoding=\"async\" data-src=\"https:\/\/www.railgrindingwheel.com\/wp-content\/uploads\/2023\/08\/Jumbo-Abrasives-Prodcut-Catalog.png\" title=\"\" alt=\"\" src=\"data:image\/gif;base64,R0lGODlhAQABAAAAACH5BAEKAAEALAAAAAABAAEAAAICTAEAOw==\" class=\"lazyload\" style=\"--smush-placeholder-width: 3307px; --smush-placeholder-aspect-ratio: 3307\/8976;\" \/>\t\t\t\t\t\t\t\t\t\t\t\t\t\t\t<\/div>\n\t\t\t\t<\/div>\n\t\t\t\t\t<\/div>\n\t\t<\/div>\n\t\t\t\t\t<\/div>\n\t\t<\/section>\n\t\t\t\t<\/div>","protected":false},"excerpt":{"rendered":"","protected":false},"author":1,"featured_media":0,"parent":0,"menu_order":0,"comment_status":"closed","ping_status":"closed","template":"","meta":{"_monsterinsights_skip_tracking":false,"_monsterinsights_sitenote_active":false,"_monsterinsights_sitenote_note":"","_monsterinsights_sitenote_category":0,"site-sidebar-layout":"default","site-content-layout":"","ast-site-content-layout":"default","site-content-style":"default","site-sidebar-style":"default","ast-global-header-display":"","ast-banner-title-visibility":"","ast-main-header-display":"","ast-hfb-above-header-display":"","ast-hfb-below-header-display":"","ast-hfb-mobile-header-display":"","site-post-title":"","ast-breadcrumbs-content":"","ast-featured-img":"","footer-sml-layout":"","theme-transparent-header-meta":"","adv-header-id-meta":"","stick-header-meta":"","header-above-stick-meta":"","header-main-stick-meta":"","header-below-stick-meta":"","astra-migrate-meta-layouts":"default","ast-page-background-enabled":"default","ast-page-background-meta":{"desktop":{"background-color":"","background-image":"","background-repeat":"repeat","background-position":"center center","background-size":"auto","background-attachment":"scroll","background-type":"","background-media":"","overlay-type":"","overlay-color":"","overlay-opacity":"","overlay-gradient":""},"tablet":{"background-color":"","background-image":"","background-repeat":"repeat","background-position":"center center","background-size":"auto","background-attachment":"scroll","background-type":"","background-media":"","overlay-type":"","overlay-color":"","overlay-opacity":"","overlay-gradient":""},"mobile":{"background-color":"","background-image":"","background-repeat":"repeat","background-position":"center center","background-size":"auto","background-attachment":"scroll","background-type":"","background-media":"","overlay-type":"","overlay-color":"","overlay-opacity":"","overlay-gradient":""}},"ast-content-background-meta":{"desktop":{"background-color":"var(--ast-global-color-5)","background-image":"","background-repeat":"repeat","background-position":"center center","background-size":"auto","background-attachment":"scroll","background-type":"","background-media":"","overlay-type":"","overlay-color":"","overlay-opacity":"","overlay-gradient":""},"tablet":{"background-color":"var(--ast-global-color-5)","background-image":"","background-repeat":"repeat","background-position":"center center","background-size":"auto","background-attachment":"scroll","background-type":"","background-media":"","overlay-type":"","overlay-color":"","overlay-opacity":"","overlay-gradient":""},"mobile":{"background-color":"var(--ast-global-color-5)","background-image":"","background-repeat":"repeat","background-position":"center center","background-size":"auto","background-attachment":"scroll","background-type":"","background-media":"","overlay-type":"","overlay-color":"","overlay-opacity":"","overlay-gradient":""}},"footnotes":""},"class_list":["post-1120","page","type-page","status-publish","hentry"],"yoast_head":"<!-- This site is optimized with the Yoast SEO Premium plugin v25.9 (Yoast SEO v25.9) - https:\/\/yoast.com\/wordpress\/plugins\/seo\/ -->\n<title>product Catalog | Rail Grinding Wheel<\/title>\n<meta name=\"description\" content=\"Rail Grinding Wheel manufacturer since 1996, for Loram, Harsco, Speno, Vossloh, and GEMAC rail grinders.\" \/>\n<meta name=\"robots\" content=\"index, follow, max-snippet:-1, max-image-preview:large, max-video-preview:-1\" \/>\n<link rel=\"canonical\" href=\"https:\/\/www.railgrindingwheel.com\/tr\/urun-katalogu\/\" \/>\n<meta property=\"og:locale\" content=\"tr_TR\" \/>\n<meta property=\"og:type\" content=\"article\" \/>\n<meta property=\"og:title\" content=\"product Catalog\" \/>\n<meta property=\"og:description\" content=\"Rail Grinding Wheel manufacturer since 1996, for Loram, Harsco, Speno, Vossloh, and GEMAC rail grinders.\" \/>\n<meta property=\"og:url\" content=\"https:\/\/www.railgrindingwheel.com\/tr\/urun-katalogu\/\" \/>\n<meta property=\"og:site_name\" content=\"Rail Grinding Wheel\" \/>\n<meta property=\"article:publisher\" content=\"https:\/\/www.facebook.com\/people\/Jumbo-Abrasives-Company\/100088416174057\/\" \/>\n<meta property=\"article:modified_time\" content=\"2023-08-30T02:41:34+00:00\" \/>\n<meta property=\"og:image\" content=\"http:\/\/www.railgrindingwheel.com\/wp-content\/uploads\/2023\/08\/Jumbo-Abrasives-Prodcut-Catalog.png\" \/>\n<meta name=\"twitter:card\" content=\"summary_large_image\" \/>\n<meta name=\"twitter:site\" content=\"@ShaoJunying\" \/>\n<script type=\"application\/ld+json\" class=\"yoast-schema-graph\">{\"@context\":\"https:\/\/schema.org\",\"@graph\":[{\"@type\":\"WebPage\",\"@id\":\"https:\/\/www.railgrindingwheel.com\/product-catalog\/\",\"url\":\"https:\/\/www.railgrindingwheel.com\/product-catalog\/\",\"name\":\"product Catalog | Rail Grinding Wheel\",\"isPartOf\":{\"@id\":\"https:\/\/www.railgrindingwheel.com\/#website\"},\"primaryImageOfPage\":{\"@id\":\"https:\/\/www.railgrindingwheel.com\/product-catalog\/#primaryimage\"},\"image\":{\"@id\":\"https:\/\/www.railgrindingwheel.com\/product-catalog\/#primaryimage\"},\"thumbnailUrl\":\"http:\/\/www.railgrindingwheel.com\/wp-content\/uploads\/2023\/08\/Jumbo-Abrasives-Prodcut-Catalog.png\",\"datePublished\":\"2023-08-30T01:59:12+00:00\",\"dateModified\":\"2023-08-30T02:41:34+00:00\",\"description\":\"Rail Grinding Wheel manufacturer since 1996, for Loram, Harsco, Speno, Vossloh, and GEMAC rail grinders.\",\"breadcrumb\":{\"@id\":\"https:\/\/www.railgrindingwheel.com\/product-catalog\/#breadcrumb\"},\"inLanguage\":\"tr\",\"potentialAction\":[{\"@type\":\"ReadAction\",\"target\":[\"https:\/\/www.railgrindingwheel.com\/product-catalog\/\"]}]},{\"@type\":\"ImageObject\",\"inLanguage\":\"tr\",\"@id\":\"https:\/\/www.railgrindingwheel.com\/product-catalog\/#primaryimage\",\"url\":\"http:\/\/www.railgrindingwheel.com\/wp-content\/uploads\/2023\/08\/Jumbo-Abrasives-Prodcut-Catalog.png\",\"contentUrl\":\"http:\/\/www.railgrindingwheel.com\/wp-content\/uploads\/2023\/08\/Jumbo-Abrasives-Prodcut-Catalog.png\"},{\"@type\":\"BreadcrumbList\",\"@id\":\"https:\/\/www.railgrindingwheel.com\/product-catalog\/#breadcrumb\",\"itemListElement\":[{\"@type\":\"ListItem\",\"position\":1,\"name\":\"Home\",\"item\":\"https:\/\/www.railgrindingwheel.com\/\"},{\"@type\":\"ListItem\",\"position\":2,\"name\":\"product Catalog\"}]},{\"@type\":\"WebSite\",\"@id\":\"https:\/\/www.railgrindingwheel.com\/#website\",\"url\":\"https:\/\/www.railgrindingwheel.com\/\",\"name\":\"Rail Grinding Wheel\",\"description\":\"Rail Grinding Wheel\",\"publisher\":{\"@id\":\"https:\/\/www.railgrindingwheel.com\/#organization\"},\"alternateName\":\"Rail Grinding Stone\",\"potentialAction\":[{\"@type\":\"SearchAction\",\"target\":{\"@type\":\"EntryPoint\",\"urlTemplate\":\"https:\/\/www.railgrindingwheel.com\/?s={search_term_string}\"},\"query-input\":{\"@type\":\"PropertyValueSpecification\",\"valueRequired\":true,\"valueName\":\"search_term_string\"}}],\"inLanguage\":\"tr\"},{\"@type\":\"Organization\",\"@id\":\"https:\/\/www.railgrindingwheel.com\/#organization\",\"name\":\"Jumbo Abrasives\",\"url\":\"https:\/\/www.railgrindingwheel.com\/\",\"logo\":{\"@type\":\"ImageObject\",\"inLanguage\":\"tr\",\"@id\":\"https:\/\/www.railgrindingwheel.com\/#\/schema\/logo\/image\/\",\"url\":\"https:\/\/www.railgrindingwheel.com\/wp-content\/uploads\/2020\/02\/logo_1.jpg\",\"contentUrl\":\"https:\/\/www.railgrindingwheel.com\/wp-content\/uploads\/2020\/02\/logo_1.jpg\",\"width\":180,\"height\":60,\"caption\":\"Jumbo Abrasives\"},\"image\":{\"@id\":\"https:\/\/www.railgrindingwheel.com\/#\/schema\/logo\/image\/\"},\"sameAs\":[\"https:\/\/www.facebook.com\/people\/Jumbo-Abrasives-Company\/100088416174057\/\",\"https:\/\/x.com\/ShaoJunying\",\"https:\/\/www.linkedin.com\/company\/jumboabrasives\/\",\"https:\/\/www.youtube.com\/@railgrindingwheel\"],\"description\":\"Rail Grinding Wheel manufacturer since 1996 , for Loram, Harsco, Speno, Vossloh, and GEMAC rail grinders.\",\"email\":\"RailGrindingWheel@gmail.com\",\"telephone\":\"+86 13699264860\",\"legalName\":\"Jumbo Abrasives Co., Ltd.\",\"foundingDate\":\"1996-05-01\",\"publishingPrinciples\":\"https:\/\/www.railgrindingwheel.com\/\",\"ownershipFundingInfo\":\"https:\/\/www.railgrindingwheel.com\/\",\"actionableFeedbackPolicy\":\"https:\/\/www.railgrindingwheel.com\/\",\"correctionsPolicy\":\"https:\/\/www.railgrindingwheel.com\/\",\"ethicsPolicy\":\"https:\/\/www.railgrindingwheel.com\/\",\"diversityPolicy\":\"https:\/\/www.railgrindingwheel.com\/\",\"diversityStaffingReport\":\"https:\/\/www.railgrindingwheel.com\/\"}]}<\/script>\n<!-- \/ Yoast SEO Premium plugin. -->","yoast_head_json":{"title":"\u00dcr\u00fcn Katalo\u011fu | Ray Ta\u015flama Ta\u015f\u0131","description":"1996 y\u0131l\u0131ndan beri Loram, Harsco, Speno, Vossloh ve GEMAC ray ta\u015flama makineleri i\u00e7in ray ta\u015flama tekerle\u011fi \u00fcreticisi.","robots":{"index":"index","follow":"follow","max-snippet":"max-snippet:-1","max-image-preview":"max-image-preview:large","max-video-preview":"max-video-preview:-1"},"canonical":"https:\/\/www.railgrindingwheel.com\/tr\/urun-katalogu\/","og_locale":"tr_TR","og_type":"article","og_title":"product Catalog","og_description":"Rail Grinding Wheel manufacturer since 1996, for Loram, Harsco, Speno, Vossloh, and GEMAC rail grinders.","og_url":"https:\/\/www.railgrindingwheel.com\/tr\/urun-katalogu\/","og_site_name":"Rail Grinding Wheel","article_publisher":"https:\/\/www.facebook.com\/people\/Jumbo-Abrasives-Company\/100088416174057\/","article_modified_time":"2023-08-30T02:41:34+00:00","og_image":[{"url":"http:\/\/www.railgrindingwheel.com\/wp-content\/uploads\/2023\/08\/Jumbo-Abrasives-Prodcut-Catalog.png","type":"","width":"","height":""}],"twitter_card":"summary_large_image","twitter_site":"@ShaoJunying","schema":{"@context":"https:\/\/schema.org","@graph":[{"@type":"WebPage","@id":"https:\/\/www.railgrindingwheel.com\/product-catalog\/","url":"https:\/\/www.railgrindingwheel.com\/product-catalog\/","name":"\u00dcr\u00fcn Katalo\u011fu | Ray Ta\u015flama Ta\u015f\u0131","isPartOf":{"@id":"https:\/\/www.railgrindingwheel.com\/#website"},"primaryImageOfPage":{"@id":"https:\/\/www.railgrindingwheel.com\/product-catalog\/#primaryimage"},"image":{"@id":"https:\/\/www.railgrindingwheel.com\/product-catalog\/#primaryimage"},"thumbnailUrl":"http:\/\/www.railgrindingwheel.com\/wp-content\/uploads\/2023\/08\/Jumbo-Abrasives-Prodcut-Catalog.png","datePublished":"2023-08-30T01:59:12+00:00","dateModified":"2023-08-30T02:41:34+00:00","description":"1996 y\u0131l\u0131ndan beri Loram, Harsco, Speno, Vossloh ve GEMAC ray ta\u015flama makineleri i\u00e7in ray ta\u015flama tekerle\u011fi \u00fcreticisi.","breadcrumb":{"@id":"https:\/\/www.railgrindingwheel.com\/product-catalog\/#breadcrumb"},"inLanguage":"tr","potentialAction":[{"@type":"ReadAction","target":["https:\/\/www.railgrindingwheel.com\/product-catalog\/"]}]},{"@type":"ImageObject","inLanguage":"tr","@id":"https:\/\/www.railgrindingwheel.com\/product-catalog\/#primaryimage","url":"http:\/\/www.railgrindingwheel.com\/wp-content\/uploads\/2023\/08\/Jumbo-Abrasives-Prodcut-Catalog.png","contentUrl":"http:\/\/www.railgrindingwheel.com\/wp-content\/uploads\/2023\/08\/Jumbo-Abrasives-Prodcut-Catalog.png"},{"@type":"BreadcrumbList","@id":"https:\/\/www.railgrindingwheel.com\/product-catalog\/#breadcrumb","itemListElement":[{"@type":"ListItem","position":1,"name":"Home","item":"https:\/\/www.railgrindingwheel.com\/"},{"@type":"ListItem","position":2,"name":"product Catalog"}]},{"@type":"WebSite","@id":"https:\/\/www.railgrindingwheel.com\/#website","url":"https:\/\/www.railgrindingwheel.com\/","name":"Ray Ta\u015flama Ta\u015f\u0131","description":"Ray Ta\u015flama Ta\u015f\u0131","publisher":{"@id":"https:\/\/www.railgrindingwheel.com\/#organization"},"alternateName":"Rail Grinding Stone","potentialAction":[{"@type":"SearchAction","target":{"@type":"EntryPoint","urlTemplate":"https:\/\/www.railgrindingwheel.com\/?s={search_term_string}"},"query-input":{"@type":"PropertyValueSpecification","valueRequired":true,"valueName":"search_term_string"}}],"inLanguage":"tr"},{"@type":"Organization","@id":"https:\/\/www.railgrindingwheel.com\/#organization","name":"Jumbo A\u015f\u0131nd\u0131r\u0131c\u0131lar","url":"https:\/\/www.railgrindingwheel.com\/","logo":{"@type":"ImageObject","inLanguage":"tr","@id":"https:\/\/www.railgrindingwheel.com\/#\/schema\/logo\/image\/","url":"https:\/\/www.railgrindingwheel.com\/wp-content\/uploads\/2020\/02\/logo_1.jpg","contentUrl":"https:\/\/www.railgrindingwheel.com\/wp-content\/uploads\/2020\/02\/logo_1.jpg","width":180,"height":60,"caption":"Jumbo Abrasives"},"image":{"@id":"https:\/\/www.railgrindingwheel.com\/#\/schema\/logo\/image\/"},"sameAs":["https:\/\/www.facebook.com\/people\/Jumbo-Abrasives-Company\/100088416174057\/","https:\/\/x.com\/ShaoJunying","https:\/\/www.linkedin.com\/company\/jumboabrasives\/","https:\/\/www.youtube.com\/@railgrindingwheel"],"description":"1996 y\u0131l\u0131ndan beri Loram, Harsco, Speno, Vossloh ve GEMAC ray ta\u015flama makineleri i\u00e7in ray ta\u015flama ta\u015f\u0131 \u00fcreticisi.","email":"RailGrindingWheel@gmail.com","telephone":"+86 13699264860","legalName":"Jumbo Abrasives Co., Ltd.","foundingDate":"1996-05-01","publishingPrinciples":"https:\/\/www.railgrindingwheel.com\/","ownershipFundingInfo":"https:\/\/www.railgrindingwheel.com\/","actionableFeedbackPolicy":"https:\/\/www.railgrindingwheel.com\/","correctionsPolicy":"https:\/\/www.railgrindingwheel.com\/","ethicsPolicy":"https:\/\/www.railgrindingwheel.com\/","diversityPolicy":"https:\/\/www.railgrindingwheel.com\/","diversityStaffingReport":"https:\/\/www.railgrindingwheel.com\/"}]}},"_links":{"self":[{"href":"https:\/\/www.railgrindingwheel.com\/tr\/wp-json\/wp\/v2\/pages\/1120","targetHints":{"allow":["GET"]}}],"collection":[{"href":"https:\/\/www.railgrindingwheel.com\/tr\/wp-json\/wp\/v2\/pages"}],"about":[{"href":"https:\/\/www.railgrindingwheel.com\/tr\/wp-json\/wp\/v2\/types\/page"}],"author":[{"embeddable":true,"href":"https:\/\/www.railgrindingwheel.com\/tr\/wp-json\/wp\/v2\/users\/1"}],"replies":[{"embeddable":true,"href":"https:\/\/www.railgrindingwheel.com\/tr\/wp-json\/wp\/v2\/comments?post=1120"}],"version-history":[{"count":0,"href":"https:\/\/www.railgrindingwheel.com\/tr\/wp-json\/wp\/v2\/pages\/1120\/revisions"}],"wp:attachment":[{"href":"https:\/\/www.railgrindingwheel.com\/tr\/wp-json\/wp\/v2\/media?parent=1120"}],"curies":[{"name":"wp","href":"https:\/\/api.w.org\/{rel}","templated":true}]}}